{"id":100,"date":"2020-10-03T14:52:43","date_gmt":"2020-10-03T14:52:43","guid":{"rendered":"http:\/\/kreisheinsberg-barrierefrei.de\/?page_id=100"},"modified":"2024-05-04T11:20:29","modified_gmt":"2024-05-04T11:20:29","slug":"reisefuehrer-online","status":"publish","type":"page","link":"https:\/\/kreisheinsberg-barrierefrei.de\/?page_id=100","title":{"rendered":"Reisef\u00fchrer Online"},"content":{"rendered":"<h2>Grenznahe Touren f\u00fcr alle<\/h2>\n<p>Barrierefrei im und um den Kreis Heinsberg&nbsp;entdeckt von Sch\u00fclerinnen und Sch\u00fclern der Rurtalschule.<br \/>\nNur hier unter: <a href=\"http:\/\/www.kreisheinsberg-barrierefrei.de\">www.kreisheinsberg-barrierefrei.de<\/a><\/p>\n<figure>\n\t\t\t\t\t\t\t\t\t\t<img width=\"788\" height=\"632\" src=\"http:\/\/kreisheinsberg-barrierefrei.de\/wp-content\/uploads\/2020\/10\/p2_leon-1.jpg\" alt=\"\" loading=\"lazy\" srcset=\"http:\/\/kreisheinsberg-barrierefrei.de\/wp-content\/uploads\/2020\/10\/p2_leon-1.jpg 788w, http:\/\/kreisheinsberg-barrierefrei.de\/wp-content\/uploads\/2020\/10\/p2_leon-1-300x241.jpg 300w, http:\/\/kreisheinsberg-barrierefrei.de\/wp-content\/uploads\/2020\/10\/p2_leon-1-768x616.jpg 768w\" sizes=\"100vw\"><figcaption>Leon bei der Recherche<\/figcaption><\/figure>\n<p><iframe loading=\"lazy\" title=\"Grenznahe Touren Fuer Alle S.1 25 by Heinsberg-barrierefrei\" width=\"525\" height=\"200\" scrolling=\"no\" frameborder=\"no\" src=\"https:\/\/w.soundcloud.com\/player\/?visual=false&amp;url=https%3A%2F%2Fapi.soundcloud.com%2Ftracks%2F911867560&amp;show_artwork=false&amp;maxwidth=525&amp;maxheight=788&amp;dnt=1&amp;in=user-172669810%2Fsets%2Fzusatzinfo%2Fs-s3eNuiICQKf&amp;secret_token=s-XYGfeOaGSD0&amp;auto_play=false&amp;buying=false&amp;liking=false&amp;download=false&amp;sharing=false&amp;show_comments=false&amp;show_playcount=false&amp;show_user=false&amp;color\"><\/iframe><\/p>\n<h2>Symbolerkl\u00e4rung<\/h2>\n<p><img width=\"87\" height=\"30\" src=\"http:\/\/kreisheinsberg-barrierefrei.de\/wp-content\/uploads\/2020\/10\/icon-Wertung-1.png\" alt=\"\" loading=\"lazy\" sizes=\"100vw\"><br \/>\n<img width=\"87\" height=\"30\" src=\"http:\/\/kreisheinsberg-barrierefrei.de\/wp-content\/uploads\/2020\/10\/icon-Wertung-2.png\" alt=\"\" loading=\"lazy\" sizes=\"100vw\"><br \/>\n<img width=\"87\" height=\"30\" src=\"http:\/\/kreisheinsberg-barrierefrei.de\/wp-content\/uploads\/2020\/10\/icon-Wertung-3.png\" alt=\"\" loading=\"lazy\" sizes=\"100vw\"><\/p>\n<p><b>bedingt barrierefrei<br \/>\n<\/b>&nbsp; &nbsp; &nbsp; &nbsp; &nbsp; alles soweit erreichbar, ebenerdig, Aufzug, Rampe<\/p>\n<p><b>barrierefrei<br \/>\n<\/b>&nbsp; &nbsp; &nbsp; &nbsp; &nbsp; bietet unter anderem eine gute Toiletten Situation<\/p>\n<p><b>exzellent<br \/>\n<\/b>&nbsp; &nbsp; &nbsp; &nbsp; &nbsp; besonders gestaltet f\u00fcr Menschen mit verschiedenen Einschr\u00e4nkungen<\/p>\n<p><img width=\"87\" height=\"30\" src=\"http:\/\/kreisheinsberg-barrierefrei.de\/wp-content\/uploads\/2020\/10\/icon-Wertung-1.png\" alt=\"\" loading=\"lazy\" sizes=\"100vw\"><br \/>\n<img width=\"87\" height=\"30\" src=\"http:\/\/kreisheinsberg-barrierefrei.de\/wp-content\/uploads\/2020\/10\/icon-Wertung-2.png\" alt=\"\" loading=\"lazy\" sizes=\"100vw\"><br \/>\n<img width=\"87\" height=\"30\" src=\"http:\/\/kreisheinsberg-barrierefrei.de\/wp-content\/uploads\/2020\/10\/icon-Wertung-3.png\" alt=\"\" loading=\"lazy\" sizes=\"100vw\"><br \/>\n<iframe loading=\"lazy\" title=\"Symbolerklaerung Bedingt Barrierefrei S.2 by Heinsberg-barrierefrei\" width=\"525\" height=\"200\" scrolling=\"no\" frameborder=\"no\" src=\"https:\/\/w.soundcloud.com\/player\/?visual=false&amp;url=https%3A%2F%2Fapi.soundcloud.com%2Ftracks%2F911849107&amp;show_artwork=false&amp;maxwidth=525&amp;maxheight=788&amp;dnt=1&amp;in=user-172669810%2Fsets%2Fzusatzinfo%2Fs-s3eNuiICQKf&amp;secret_token=s-mMvisnjvFZs&amp;auto_play=false&amp;buying=false&amp;liking=false&amp;download=false&amp;sharing=false&amp;show_comments=false&amp;show_playcount=false&amp;show_user=false&amp;color\"><\/iframe><br \/>\n<iframe loading=\"lazy\" title=\"Symbolerklaerung Barrierefrei S.2 by Heinsberg-barrierefrei\" width=\"525\" height=\"200\" scrolling=\"no\" frameborder=\"no\" src=\"https:\/\/w.soundcloud.com\/player\/?visual=false&amp;url=https%3A%2F%2Fapi.soundcloud.com%2Ftracks%2F911849194&amp;show_artwork=false&amp;maxwidth=525&amp;maxheight=788&amp;dnt=1&amp;in=user-172669810%2Fsets%2Fzusatzinfo%2Fs-s3eNuiICQKf&amp;secret_token=s-imMgp4wOIp9&amp;auto_play=false&amp;buying=false&amp;liking=false&amp;download=false&amp;sharing=false&amp;show_comments=false&amp;show_playcount=false&amp;show_user=false&amp;color\"><\/iframe><br \/>\n<iframe loading=\"lazy\" title=\"Symbolerklaerung Excellent S.2 by Heinsberg-barrierefrei\" width=\"525\" height=\"200\" scrolling=\"no\" frameborder=\"no\" src=\"https:\/\/w.soundcloud.com\/player\/?visual=false&amp;url=https%3A%2F%2Fapi.soundcloud.com%2Ftracks%2F911848999&amp;show_artwork=false&amp;maxwidth=525&amp;maxheight=788&amp;dnt=1&amp;in=user-172669810%2Fsets%2Fzusatzinfo%2Fs-s3eNuiICQKf&amp;secret_token=s-DDuLBRhMgdm&amp;auto_play=false&amp;buying=false&amp;liking=false&amp;download=false&amp;sharing=false&amp;show_comments=false&amp;show_playcount=false&amp;show_user=false&amp;color\"><\/iframe><\/p>\n","protected":false},"excerpt":{"rendered":"<p>Grenznahe Touren f\u00fcr alle Barrierefrei im und um den Kreis Heinsberg&nbsp;entdeckt von Sch\u00fclerinnen und Sch\u00fclern der Rurtalschule. Nur hier unter: www.kreisheinsberg-barrierefrei.de Leon bei der Recherche Symbolerkl\u00e4rung bedingt barrierefrei &nbsp; &nbsp; &nbsp; &nbsp; &nbsp; alles soweit erreichbar, ebenerdig, Aufzug, Rampe barrierefrei &nbsp; &nbsp; &nbsp; &nbsp; &nbsp; bietet unter anderem eine gute Toiletten Situation exzellent &nbsp; &nbsp; &hellip; <\/p>\n<p class=\"link-more\"><a href=\"https:\/\/kreisheinsberg-barrierefrei.de\/?page_id=100\" class=\"more-link\"><span class=\"screen-reader-text\">\u201eReisef\u00fchrer Online\u201c <\/span>weiterlesen<\/a><\/p>\n","protected":false},"author":1,"featured_media":0,"parent":0,"menu_order":0,"comment_status":"closed","ping_status":"closed","template":"","meta":[],"yoast_head":"<!-- This site is optimized with the Yoast SEO plugin v19.5.1 - https:\/\/yoast.com\/wordpress\/plugins\/seo\/ -->\n<title>Reisef\u00fchrer Online - Barrierefreier Reisef\u00fchrer<\/title>\n<meta name=\"robots\" content=\"index, follow, max-snippet:-1, max-image-preview:large, max-video-preview:-1\" \/>\n<link rel=\"canonical\" href=\"http:\/\/kreisheinsberg-barrierefrei.de\/?page_id=100\" \/>\n<meta property=\"og:locale\" content=\"de_DE\" \/>\n<meta property=\"og:type\" content=\"article\" \/>\n<meta property=\"og:title\" content=\"Reisef\u00fchrer Online - Barrierefreier Reisef\u00fchrer\" \/>\n<meta property=\"og:description\" content=\"Grenznahe Touren f\u00fcr alle Barrierefrei im und um den Kreis Heinsberg&nbsp;entdeckt von Sch\u00fclerinnen und Sch\u00fclern der Rurtalschule. Nur hier unter: www.kreisheinsberg-barrierefrei.de Leon bei der Recherche Symbolerkl\u00e4rung bedingt barrierefrei &nbsp; &nbsp; &nbsp; &nbsp; &nbsp; alles soweit erreichbar, ebenerdig, Aufzug, Rampe barrierefrei &nbsp; &nbsp; &nbsp; &nbsp; &nbsp; bietet unter anderem eine gute Toiletten Situation exzellent &nbsp; &nbsp; &hellip; \u201eReisef\u00fchrer Online\u201c weiterlesen\" \/>\n<meta property=\"og:url\" content=\"http:\/\/kreisheinsberg-barrierefrei.de\/?page_id=100\" \/>\n<meta property=\"og:site_name\" content=\"Barrierefreier Reisef\u00fchrer\" \/>\n<meta property=\"article:modified_time\" content=\"2024-05-04T11:20:29+00:00\" \/>\n<meta property=\"og:image\" content=\"http:\/\/kreisheinsberg-barrierefrei.de\/wp-content\/uploads\/2020\/10\/p2_leon-1.jpg\" \/>\n<meta name=\"twitter:card\" content=\"summary_large_image\" \/>\n<meta name=\"twitter:label1\" content=\"Gesch\u00e4tzte Lesezeit\" \/>\n\t<meta name=\"twitter:data1\" content=\"2\u00a0Minuten\" \/>\n<script type=\"application\/ld+json\" class=\"yoast-schema-graph\">{\"@context\":\"https:\/\/schema.org\",\"@graph\":[{\"@type\":\"WebPage\",\"@id\":\"http:\/\/kreisheinsberg-barrierefrei.de\/?page_id=100\",\"url\":\"http:\/\/kreisheinsberg-barrierefrei.de\/?page_id=100\",\"name\":\"Reisef\u00fchrer Online - Barrierefreier Reisef\u00fchrer\",\"isPartOf\":{\"@id\":\"http:\/\/kreisheinsberg-barrierefrei.de\/#website\"},\"datePublished\":\"2020-10-03T14:52:43+00:00\",\"dateModified\":\"2024-05-04T11:20:29+00:00\",\"breadcrumb\":{\"@id\":\"http:\/\/kreisheinsberg-barrierefrei.de\/?page_id=100#breadcrumb\"},\"inLanguage\":\"de\",\"potentialAction\":[{\"@type\":\"ReadAction\",\"target\":[\"http:\/\/kreisheinsberg-barrierefrei.de\/?page_id=100\"]}]},{\"@type\":\"BreadcrumbList\",\"@id\":\"http:\/\/kreisheinsberg-barrierefrei.de\/?page_id=100#breadcrumb\",\"itemListElement\":[{\"@type\":\"ListItem\",\"position\":1,\"name\":\"Startseite\",\"item\":\"http:\/\/kreisheinsberg-barrierefrei.de\/\"},{\"@type\":\"ListItem\",\"position\":2,\"name\":\"Reisef\u00fchrer Online\"}]},{\"@type\":\"WebSite\",\"@id\":\"http:\/\/kreisheinsberg-barrierefrei.de\/#website\",\"url\":\"http:\/\/kreisheinsberg-barrierefrei.de\/\",\"name\":\"Barrierefreier Reisef\u00fchrer\",\"description\":\"Barrierefrei im und um den Kreis Heinsberg entdeckt von Sch\u00fclerinnen und Sch\u00fclern der Rurtal-Schule\",\"potentialAction\":[{\"@type\":\"SearchAction\",\"target\":{\"@type\":\"EntryPoint\",\"urlTemplate\":\"http:\/\/kreisheinsberg-barrierefrei.de\/?s={search_term_string}\"},\"query-input\":\"required name=search_term_string\"}],\"inLanguage\":\"de\"}]}<\/script>\n<!-- \/ Yoast SEO plugin. -->","yoast_head_json":{"title":"Reisef\u00fchrer Online - Barrierefreier Reisef\u00fchrer","robots":{"index":"index","follow":"follow","max-snippet":"max-snippet:-1","max-image-preview":"max-image-preview:large","max-video-preview":"max-video-preview:-1"},"canonical":"http:\/\/kreisheinsberg-barrierefrei.de\/?page_id=100","og_locale":"de_DE","og_type":"article","og_title":"Reisef\u00fchrer Online - Barrierefreier Reisef\u00fchrer","og_description":"Grenznahe Touren f\u00fcr alle Barrierefrei im und um den Kreis Heinsberg&nbsp;entdeckt von Sch\u00fclerinnen und Sch\u00fclern der Rurtalschule. Nur hier unter: www.kreisheinsberg-barrierefrei.de Leon bei der Recherche Symbolerkl\u00e4rung bedingt barrierefrei &nbsp; &nbsp; &nbsp; &nbsp; &nbsp; alles soweit erreichbar, ebenerdig, Aufzug, Rampe barrierefrei &nbsp; &nbsp; &nbsp; &nbsp; &nbsp; bietet unter anderem eine gute Toiletten Situation exzellent &nbsp; &nbsp; &hellip; \u201eReisef\u00fchrer Online\u201c weiterlesen","og_url":"http:\/\/kreisheinsberg-barrierefrei.de\/?page_id=100","og_site_name":"Barrierefreier Reisef\u00fchrer","article_modified_time":"2024-05-04T11:20:29+00:00","og_image":[{"url":"http:\/\/kreisheinsberg-barrierefrei.de\/wp-content\/uploads\/2020\/10\/p2_leon-1.jpg"}],"twitter_card":"summary_large_image","twitter_misc":{"Gesch\u00e4tzte Lesezeit":"2\u00a0Minuten"},"schema":{"@context":"https:\/\/schema.org","@graph":[{"@type":"WebPage","@id":"http:\/\/kreisheinsberg-barrierefrei.de\/?page_id=100","url":"http:\/\/kreisheinsberg-barrierefrei.de\/?page_id=100","name":"Reisef\u00fchrer Online - Barrierefreier Reisef\u00fchrer","isPartOf":{"@id":"http:\/\/kreisheinsberg-barrierefrei.de\/#website"},"datePublished":"2020-10-03T14:52:43+00:00","dateModified":"2024-05-04T11:20:29+00:00","breadcrumb":{"@id":"http:\/\/kreisheinsberg-barrierefrei.de\/?page_id=100#breadcrumb"},"inLanguage":"de","potentialAction":[{"@type":"ReadAction","target":["http:\/\/kreisheinsberg-barrierefrei.de\/?page_id=100"]}]},{"@type":"BreadcrumbList","@id":"http:\/\/kreisheinsberg-barrierefrei.de\/?page_id=100#breadcrumb","itemListElement":[{"@type":"ListItem","position":1,"name":"Startseite","item":"http:\/\/kreisheinsberg-barrierefrei.de\/"},{"@type":"ListItem","position":2,"name":"Reisef\u00fchrer Online"}]},{"@type":"WebSite","@id":"http:\/\/kreisheinsberg-barrierefrei.de\/#website","url":"http:\/\/kreisheinsberg-barrierefrei.de\/","name":"Barrierefreier Reisef\u00fchrer","description":"Barrierefrei im und um den Kreis Heinsberg entdeckt von Sch\u00fclerinnen und Sch\u00fclern der Rurtal-Schule","potentialAction":[{"@type":"SearchAction","target":{"@type":"EntryPoint","urlTemplate":"http:\/\/kreisheinsberg-barrierefrei.de\/?s={search_term_string}"},"query-input":"required name=search_term_string"}],"inLanguage":"de"}]}},"_links":{"self":[{"href":"https:\/\/kreisheinsberg-barrierefrei.de\/index.php?rest_route=\/wp\/v2\/pages\/100"}],"collection":[{"href":"https:\/\/kreisheinsberg-barrierefrei.de\/index.php?rest_route=\/wp\/v2\/pages"}],"about":[{"href":"https:\/\/kreisheinsberg-barrierefrei.de\/index.php?rest_route=\/wp\/v2\/types\/page"}],"author":[{"embeddable":true,"href":"https:\/\/kreisheinsberg-barrierefrei.de\/index.php?rest_route=\/wp\/v2\/users\/1"}],"replies":[{"embeddable":true,"href":"https:\/\/kreisheinsberg-barrierefrei.de\/index.php?rest_route=%2Fwp%2Fv2%2Fcomments&post=100"}],"version-history":[{"count":11,"href":"https:\/\/kreisheinsberg-barrierefrei.de\/index.php?rest_route=\/wp\/v2\/pages\/100\/revisions"}],"predecessor-version":[{"id":5859,"href":"https:\/\/kreisheinsberg-barrierefrei.de\/index.php?rest_route=\/wp\/v2\/pages\/100\/revisions\/5859"}],"wp:attachment":[{"href":"https:\/\/kreisheinsberg-barrierefrei.de\/index.php?rest_route=%2Fwp%2Fv2%2Fmedia&parent=100"}],"curies":[{"name":"wp","href":"https:\/\/api.w.org\/{rel}","templated":true}]}}