{"id":44,"date":"2020-10-03T11:44:39","date_gmt":"2020-10-03T11:44:39","guid":{"rendered":"http:\/\/kreisheinsberg-barrierefrei.de\/?page_id=44"},"modified":"2021-07-09T15:11:05","modified_gmt":"2021-07-09T15:11:05","slug":"sponsoren","status":"publish","type":"page","link":"https:\/\/kreisheinsberg-barrierefrei.de\/?page_id=44","title":{"rendered":"Sponsoren"},"content":{"rendered":"\n<p class=\"has-drop-cap\">Vielen Dank an unsere Sponsoren, die dieses Projekt m\u00f6glich gemacht haben! <br>Durch Eure Unterst\u00fctzung konnten wir unseren Barrierefreien Reisef\u00fchrer sowohl als gedrucktes Buch, als auch hier online zur Verf\u00fcgung stellen.<\/p>\n\n\n\n<div style=\"height:100px\" aria-hidden=\"true\" class=\"wp-block-spacer\"><\/div>\n\n\n\n<p class=\"has-large-font-size\" style=\"line-height:0\"><a href=\"https:\/\/www.musik-fuer-dich.de\/\" target=\"_blank\" rel=\"noreferrer noopener\">Rolf Zuckowski<\/a><\/p>\n\n\n\n<div style=\"height:48px\" aria-hidden=\"true\" class=\"wp-block-spacer\"><\/div>\n\n\n\n<div class=\"wp-block-image is-style-default\"><figure class=\"alignleft size-large is-resized\"><a href=\"https:\/\/von-den-driesch.de\/bus-fuer-alle.html\"><img loading=\"lazy\" src=\"http:\/\/kreisheinsberg-barrierefrei.de\/wp-content\/uploads\/2021\/01\/derbusfueralle2.jpg\" alt=\"\" class=\"wp-image-622\" width=\"450\" height=\"300\" srcset=\"https:\/\/kreisheinsberg-barrierefrei.de\/wp-content\/uploads\/2021\/01\/derbusfueralle2.jpg 600w, https:\/\/kreisheinsberg-barrierefrei.de\/wp-content\/uploads\/2021\/01\/derbusfueralle2-300x200.jpg 300w\" sizes=\"(max-width: 450px) 100vw, 450px\" \/><\/a><figcaption>Der Bus f\u00fcr alle. Von den Driesch<\/figcaption><\/figure><\/div>\n\n\n\n<div style=\"height:48px\" aria-hidden=\"true\" class=\"wp-block-spacer\"><\/div>\n\n\n\n<div class=\"wp-block-image\"><figure class=\"alignleft size-large is-resized\"><a href=\"https:\/\/www.kreissparkasse-heinsberg.de\/\" target=\"_blank\" rel=\"noopener noreferrer\"><img loading=\"lazy\" src=\"http:\/\/kreisheinsberg-barrierefrei.de\/wp-content\/uploads\/2021\/07\/logo_kreissparkasse.jpg\" alt=\"Logo der Kreissparkasse Heinsberg\" class=\"wp-image-4394\" width=\"490\" height=\"201\" srcset=\"https:\/\/kreisheinsberg-barrierefrei.de\/wp-content\/uploads\/2021\/07\/logo_kreissparkasse.jpg 1000w, https:\/\/kreisheinsberg-barrierefrei.de\/wp-content\/uploads\/2021\/07\/logo_kreissparkasse-300x124.jpg 300w, https:\/\/kreisheinsberg-barrierefrei.de\/wp-content\/uploads\/2021\/07\/logo_kreissparkasse-768x316.jpg 768w\" sizes=\"(max-width: 490px) 100vw, 490px\" \/><\/a><figcaption>Kreissparkasse Heinsberg<\/figcaption><\/figure><\/div>\n\n\n\n<div style=\"height:48px\" aria-hidden=\"true\" class=\"wp-block-spacer\"><\/div>\n\n\n\n<figure class=\"wp-block-image size-large is-style-default\"><a href=\"https:\/\/www.volksbank-heinsberg.de\/privatkunden.html\" target=\"_blank\" rel=\"noopener noreferrer\"><img loading=\"lazy\" width=\"500\" height=\"154\" src=\"http:\/\/kreisheinsberg-barrierefrei.de\/wp-content\/uploads\/2021\/01\/Volksbank_Heinsberg_eG_web.jpg\" alt=\"\" class=\"wp-image-611\" srcset=\"https:\/\/kreisheinsberg-barrierefrei.de\/wp-content\/uploads\/2021\/01\/Volksbank_Heinsberg_eG_web.jpg 500w, https:\/\/kreisheinsberg-barrierefrei.de\/wp-content\/uploads\/2021\/01\/Volksbank_Heinsberg_eG_web-300x92.jpg 300w\" sizes=\"(max-width: 500px) 100vw, 500px\" \/><\/a><figcaption>Volksberg Heinsberg<\/figcaption><\/figure>\n\n\n\n<div style=\"height:48px\" aria-hidden=\"true\" class=\"wp-block-spacer\"><\/div>\n\n\n\n<figure class=\"wp-block-image size-large is-style-default\"><a href=\"https:\/\/mobau-wirtz-classen.de\" target=\"_blank\" rel=\"noopener noreferrer\"><img loading=\"lazy\" width=\"460\" height=\"100\" src=\"http:\/\/kreisheinsberg-barrierefrei.de\/wp-content\/uploads\/2020\/10\/mobau_logo.png\" alt=\"\" class=\"wp-image-70\" srcset=\"https:\/\/kreisheinsberg-barrierefrei.de\/wp-content\/uploads\/2020\/10\/mobau_logo.png 460w, https:\/\/kreisheinsberg-barrierefrei.de\/wp-content\/uploads\/2020\/10\/mobau_logo-300x65.png 300w\" sizes=\"(max-width: 460px) 100vw, 460px\" \/><\/a><figcaption>Mobau Wirtz &amp; Classen GmbH &amp; Co. KG<\/figcaption><\/figure>\n\n\n\n<div style=\"height:48px\" aria-hidden=\"true\" class=\"wp-block-spacer\"><\/div>\n\n\n\n<div style=\"height:100px\" aria-hidden=\"true\" class=\"wp-block-spacer\"><\/div>\n\n\n\n<p>Danke an die folgenden Personen f\u00fcr die Entstehung der Internetseite:<\/p>\n\n\n\n<figure class=\"wp-block-table is-style-stripes\"><table><tbody><tr><td>Britta Hermanns<\/td><td>Sprecherin<\/td><td><a href=\"https:\/\/www.brittahermanns.com\/\" target=\"_blank\" rel=\"noreferrer noopener\">https:\/\/www.brittahermanns.com\/<\/a><\/td><\/tr><tr><td>Dario Albiez<\/td><td>Sound Design<\/td><td><a href=\"https:\/\/www.darioalbiez.com\/\" target=\"_blank\" rel=\"noreferrer noopener\">https:\/\/www.darioalbiez.com\/<\/a><br><a rel=\"noreferrer noopener\" href=\"https:\/\/www.imdb.com\/name\/nm2836758\/\" target=\"_blank\">https:\/\/www.imdb.com\/name\/nm2836758\/<\/a><\/td><\/tr><tr><td>Mink<\/td><td>Webseite<\/td><td><a href=\"https:\/\/www.facebook.com\/Mink.unique.inspired.design\" target=\"_blank\" rel=\"noreferrer noopener\">https:\/\/www.facebook.com\/Mink.unique.inspired.design<\/a><\/td><\/tr><tr><td>Martin Drescher<\/td><td>Grafik \/ Layout<\/td><td><a href=\"http:\/\/www.gestaltung-und-medien.de\/\" target=\"_blank\" rel=\"noreferrer noopener\">http:\/\/www.gestaltung-und-medien.de\/<\/a><\/td><\/tr><tr><td><\/td><td><\/td><td><\/td><\/tr><\/tbody><\/table><\/figure>\n\n\n\n<p><\/p>\n","protected":false},"excerpt":{"rendered":"<p>Vielen Dank an unsere Sponsoren, die dieses Projekt m\u00f6glich gemacht haben! Durch Eure Unterst\u00fctzung konnten wir unseren Barrierefreien Reisef\u00fchrer sowohl als gedrucktes Buch, als auch hier online zur Verf\u00fcgung stellen. Rolf Zuckowski Danke an die folgenden Personen f\u00fcr die Entstehung der Internetseite: Britta Hermanns Sprecherin https:\/\/www.brittahermanns.com\/ Dario Albiez Sound Design https:\/\/www.darioalbiez.com\/https:\/\/www.imdb.com\/name\/nm2836758\/ Mink Webseite https:\/\/www.facebook.com\/Mink.unique.inspired.design Martin &hellip; <\/p>\n<p class=\"link-more\"><a href=\"https:\/\/kreisheinsberg-barrierefrei.de\/?page_id=44\" class=\"more-link\"><span class=\"screen-reader-text\">\u201eSponsoren\u201c <\/span>weiterlesen<\/a><\/p>\n","protected":false},"author":1,"featured_media":0,"parent":0,"menu_order":0,"comment_status":"closed","ping_status":"open","template":"","meta":[],"yoast_head":"<!-- This site is optimized with the Yoast SEO plugin v19.5.1 - https:\/\/yoast.com\/wordpress\/plugins\/seo\/ -->\n<title>Sponsoren - Barrierefreier Reisef\u00fchrer<\/title>\n<meta name=\"robots\" content=\"index, follow, max-snippet:-1, max-image-preview:large, max-video-preview:-1\" \/>\n<link rel=\"canonical\" href=\"https:\/\/kreisheinsberg-barrierefrei.de\/?page_id=44\" \/>\n<meta property=\"og:locale\" content=\"de_DE\" \/>\n<meta property=\"og:type\" content=\"article\" \/>\n<meta property=\"og:title\" content=\"Sponsoren - Barrierefreier Reisef\u00fchrer\" \/>\n<meta property=\"og:description\" content=\"Vielen Dank an unsere Sponsoren, die dieses Projekt m\u00f6glich gemacht haben! Durch Eure Unterst\u00fctzung konnten wir unseren Barrierefreien Reisef\u00fchrer sowohl als gedrucktes Buch, als auch hier online zur Verf\u00fcgung stellen. Rolf Zuckowski Danke an die folgenden Personen f\u00fcr die Entstehung der Internetseite: Britta Hermanns Sprecherin https:\/\/www.brittahermanns.com\/ Dario Albiez Sound Design https:\/\/www.darioalbiez.com\/https:\/\/www.imdb.com\/name\/nm2836758\/ Mink Webseite https:\/\/www.facebook.com\/Mink.unique.inspired.design Martin &hellip; \u201eSponsoren\u201c weiterlesen\" \/>\n<meta property=\"og:url\" content=\"https:\/\/kreisheinsberg-barrierefrei.de\/?page_id=44\" \/>\n<meta property=\"og:site_name\" content=\"Barrierefreier Reisef\u00fchrer\" \/>\n<meta property=\"article:modified_time\" content=\"2021-07-09T15:11:05+00:00\" \/>\n<meta property=\"og:image\" content=\"http:\/\/kreisheinsberg-barrierefrei.de\/wp-content\/uploads\/2021\/01\/derbusfueralle2.jpg\" \/>\n<meta name=\"twitter:card\" content=\"summary_large_image\" \/>\n<meta name=\"twitter:label1\" content=\"Gesch\u00e4tzte Lesezeit\" \/>\n\t<meta name=\"twitter:data1\" content=\"2\u00a0Minuten\" \/>\n<script type=\"application\/ld+json\" class=\"yoast-schema-graph\">{\"@context\":\"https:\/\/schema.org\",\"@graph\":[{\"@type\":\"WebPage\",\"@id\":\"https:\/\/kreisheinsberg-barrierefrei.de\/?page_id=44\",\"url\":\"https:\/\/kreisheinsberg-barrierefrei.de\/?page_id=44\",\"name\":\"Sponsoren - Barrierefreier Reisef\u00fchrer\",\"isPartOf\":{\"@id\":\"http:\/\/kreisheinsberg-barrierefrei.de\/#website\"},\"datePublished\":\"2020-10-03T11:44:39+00:00\",\"dateModified\":\"2021-07-09T15:11:05+00:00\",\"breadcrumb\":{\"@id\":\"https:\/\/kreisheinsberg-barrierefrei.de\/?page_id=44#breadcrumb\"},\"inLanguage\":\"de\",\"potentialAction\":[{\"@type\":\"ReadAction\",\"target\":[\"https:\/\/kreisheinsberg-barrierefrei.de\/?page_id=44\"]}]},{\"@type\":\"BreadcrumbList\",\"@id\":\"https:\/\/kreisheinsberg-barrierefrei.de\/?page_id=44#breadcrumb\",\"itemListElement\":[{\"@type\":\"ListItem\",\"position\":1,\"name\":\"Startseite\",\"item\":\"http:\/\/kreisheinsberg-barrierefrei.de\/\"},{\"@type\":\"ListItem\",\"position\":2,\"name\":\"Sponsoren\"}]},{\"@type\":\"WebSite\",\"@id\":\"http:\/\/kreisheinsberg-barrierefrei.de\/#website\",\"url\":\"http:\/\/kreisheinsberg-barrierefrei.de\/\",\"name\":\"Barrierefreier Reisef\u00fchrer\",\"description\":\"Barrierefrei im und um den Kreis Heinsberg entdeckt von Sch\u00fclerinnen und Sch\u00fclern der Rurtal-Schule\",\"potentialAction\":[{\"@type\":\"SearchAction\",\"target\":{\"@type\":\"EntryPoint\",\"urlTemplate\":\"http:\/\/kreisheinsberg-barrierefrei.de\/?s={search_term_string}\"},\"query-input\":\"required name=search_term_string\"}],\"inLanguage\":\"de\"}]}<\/script>\n<!-- \/ Yoast SEO plugin. -->","yoast_head_json":{"title":"Sponsoren - Barrierefreier Reisef\u00fchrer","robots":{"index":"index","follow":"follow","max-snippet":"max-snippet:-1","max-image-preview":"max-image-preview:large","max-video-preview":"max-video-preview:-1"},"canonical":"https:\/\/kreisheinsberg-barrierefrei.de\/?page_id=44","og_locale":"de_DE","og_type":"article","og_title":"Sponsoren - Barrierefreier Reisef\u00fchrer","og_description":"Vielen Dank an unsere Sponsoren, die dieses Projekt m\u00f6glich gemacht haben! Durch Eure Unterst\u00fctzung konnten wir unseren Barrierefreien Reisef\u00fchrer sowohl als gedrucktes Buch, als auch hier online zur Verf\u00fcgung stellen. Rolf Zuckowski Danke an die folgenden Personen f\u00fcr die Entstehung der Internetseite: Britta Hermanns Sprecherin https:\/\/www.brittahermanns.com\/ Dario Albiez Sound Design https:\/\/www.darioalbiez.com\/https:\/\/www.imdb.com\/name\/nm2836758\/ Mink Webseite https:\/\/www.facebook.com\/Mink.unique.inspired.design Martin &hellip; \u201eSponsoren\u201c weiterlesen","og_url":"https:\/\/kreisheinsberg-barrierefrei.de\/?page_id=44","og_site_name":"Barrierefreier Reisef\u00fchrer","article_modified_time":"2021-07-09T15:11:05+00:00","og_image":[{"url":"http:\/\/kreisheinsberg-barrierefrei.de\/wp-content\/uploads\/2021\/01\/derbusfueralle2.jpg"}],"twitter_card":"summary_large_image","twitter_misc":{"Gesch\u00e4tzte Lesezeit":"2\u00a0Minuten"},"schema":{"@context":"https:\/\/schema.org","@graph":[{"@type":"WebPage","@id":"https:\/\/kreisheinsberg-barrierefrei.de\/?page_id=44","url":"https:\/\/kreisheinsberg-barrierefrei.de\/?page_id=44","name":"Sponsoren - Barrierefreier Reisef\u00fchrer","isPartOf":{"@id":"http:\/\/kreisheinsberg-barrierefrei.de\/#website"},"datePublished":"2020-10-03T11:44:39+00:00","dateModified":"2021-07-09T15:11:05+00:00","breadcrumb":{"@id":"https:\/\/kreisheinsberg-barrierefrei.de\/?page_id=44#breadcrumb"},"inLanguage":"de","potentialAction":[{"@type":"ReadAction","target":["https:\/\/kreisheinsberg-barrierefrei.de\/?page_id=44"]}]},{"@type":"BreadcrumbList","@id":"https:\/\/kreisheinsberg-barrierefrei.de\/?page_id=44#breadcrumb","itemListElement":[{"@type":"ListItem","position":1,"name":"Startseite","item":"http:\/\/kreisheinsberg-barrierefrei.de\/"},{"@type":"ListItem","position":2,"name":"Sponsoren"}]},{"@type":"WebSite","@id":"http:\/\/kreisheinsberg-barrierefrei.de\/#website","url":"http:\/\/kreisheinsberg-barrierefrei.de\/","name":"Barrierefreier Reisef\u00fchrer","description":"Barrierefrei im und um den Kreis Heinsberg entdeckt von Sch\u00fclerinnen und Sch\u00fclern der Rurtal-Schule","potentialAction":[{"@type":"SearchAction","target":{"@type":"EntryPoint","urlTemplate":"http:\/\/kreisheinsberg-barrierefrei.de\/?s={search_term_string}"},"query-input":"required name=search_term_string"}],"inLanguage":"de"}]}},"_links":{"self":[{"href":"https:\/\/kreisheinsberg-barrierefrei.de\/index.php?rest_route=\/wp\/v2\/pages\/44"}],"collection":[{"href":"https:\/\/kreisheinsberg-barrierefrei.de\/index.php?rest_route=\/wp\/v2\/pages"}],"about":[{"href":"https:\/\/kreisheinsberg-barrierefrei.de\/index.php?rest_route=\/wp\/v2\/types\/page"}],"author":[{"embeddable":true,"href":"https:\/\/kreisheinsberg-barrierefrei.de\/index.php?rest_route=\/wp\/v2\/users\/1"}],"replies":[{"embeddable":true,"href":"https:\/\/kreisheinsberg-barrierefrei.de\/index.php?rest_route=%2Fwp%2Fv2%2Fcomments&post=44"}],"version-history":[{"count":16,"href":"https:\/\/kreisheinsberg-barrierefrei.de\/index.php?rest_route=\/wp\/v2\/pages\/44\/revisions"}],"predecessor-version":[{"id":4400,"href":"https:\/\/kreisheinsberg-barrierefrei.de\/index.php?rest_route=\/wp\/v2\/pages\/44\/revisions\/4400"}],"wp:attachment":[{"href":"https:\/\/kreisheinsberg-barrierefrei.de\/index.php?rest_route=%2Fwp%2Fv2%2Fmedia&parent=44"}],"curies":[{"name":"wp","href":"https:\/\/api.w.org\/{rel}","templated":true}]}}