{"id":5865,"date":"2024-05-04T11:38:21","date_gmt":"2024-05-04T11:38:21","guid":{"rendered":"https:\/\/kreisheinsberg-barrierefrei.de\/?page_id=5865"},"modified":"2024-06-17T10:58:51","modified_gmt":"2024-06-17T10:58:51","slug":"elementor-5865","status":"publish","type":"page","link":"https:\/\/kreisheinsberg-barrierefrei.de\/?page_id=5865","title":{"rendered":"Video"},"content":{"rendered":"\t\t<div data-elementor-type=\"wp-page\" data-elementor-id=\"5865\" class=\"elementor elementor-5865\">\n\t\t\t\t\t\t<div class=\"elementor-inner\">\n\t\t\t\t<div class=\"elementor-section-wrap\">\n\t\t\t\t\t\t\t\t\t<section class=\"elementor-section elementor-top-section elementor-element elementor-element-c2e7e05 elementor-section-boxed elementor-section-height-default elementor-section-height-default\" data-id=\"c2e7e05\" data-element_type=\"section\">\n\t\t\t\t\t\t<div class=\"elementor-container elementor-column-gap-default\">\n\t\t\t\t\t\t\t<div class=\"elementor-row\">\n\t\t\t\t\t<div class=\"elementor-column elementor-col-100 elementor-top-column elementor-element elementor-element-25c77b6\" data-id=\"25c77b6\" data-element_type=\"column\">\n\t\t\t<div class=\"elementor-column-wrap elementor-element-populated\">\n\t\t\t\t\t\t\t<div class=\"elementor-widget-wrap\">\n\t\t\t\t\t\t<div class=\"elementor-element elementor-element-e0c5ce1 elementor-widget elementor-widget-heading\" data-id=\"e0c5ce1\" data-element_type=\"widget\" data-widget_type=\"heading.default\">\n\t\t\t\t<div class=\"elementor-widget-container\">\n\t\t\t<h2 class=\"elementor-heading-title elementor-size-default\">Hier finden Sie das Video des p\u00e4dagogischen Austauschdienstes zu unserem Projekt:\n \"Barrierefreies Reisen\".<\/h2>\t\t<\/div>\n\t\t\t\t<\/div>\n\t\t\t\t\t\t<\/div>\n\t\t\t\t\t<\/div>\n\t\t<\/div>\n\t\t\t\t\t\t\t\t<\/div>\n\t\t\t\t\t<\/div>\n\t\t<\/section>\n\t\t\t\t<section class=\"elementor-section elementor-top-section elementor-element elementor-element-937a4e0 elementor-section-boxed elementor-section-height-default elementor-section-height-default\" data-id=\"937a4e0\" data-element_type=\"section\">\n\t\t\t\t\t\t<div class=\"elementor-container elementor-column-gap-default\">\n\t\t\t\t\t\t\t<div class=\"elementor-row\">\n\t\t\t\t\t<div class=\"elementor-column elementor-col-100 elementor-top-column elementor-element elementor-element-844098c\" data-id=\"844098c\" data-element_type=\"column\">\n\t\t\t<div class=\"elementor-column-wrap elementor-element-populated\">\n\t\t\t\t\t\t\t<div class=\"elementor-widget-wrap\">\n\t\t\t\t\t\t<div class=\"elementor-element elementor-element-bd71a30 elementor-aspect-ratio-169 elementor-widget elementor-widget-video\" data-id=\"bd71a30\" data-element_type=\"widget\" data-settings=\"{&quot;video_type&quot;:&quot;vimeo&quot;,&quot;aspect_ratio&quot;:&quot;169&quot;}\" data-widget_type=\"video.default\">\n\t\t\t\t<div class=\"elementor-widget-container\">\n\t\t\t\t\t<div class=\"elementor-wrapper elementor-fit-aspect-ratio elementor-open-inline\">\n\t\t\t<iframe class=\"elementor-video-iframe\" allowfullscreen title=\"vimeo Video Player\" src=\"https:\/\/player.vimeo.com\/video\/788279457?color&amp;autopause=0&amp;loop=0&amp;muted=0&amp;title=1&amp;portrait=1&amp;byline=1#t=\"><\/iframe>\t\t<\/div>\n\t\t\t\t<\/div>\n\t\t\t\t<\/div>\n\t\t\t\t\t\t<\/div>\n\t\t\t\t\t<\/div>\n\t\t<\/div>\n\t\t\t\t\t\t\t\t<\/div>\n\t\t\t\t\t<\/div>\n\t\t<\/section>\n\t\t\t\t<section class=\"elementor-section elementor-top-section elementor-element elementor-element-ac279e1 elementor-section-boxed elementor-section-height-default elementor-section-height-default\" data-id=\"ac279e1\" data-element_type=\"section\">\n\t\t\t\t\t\t<div class=\"elementor-container elementor-column-gap-default\">\n\t\t\t\t\t\t\t<div class=\"elementor-row\">\n\t\t\t\t\t<div class=\"elementor-column elementor-col-100 elementor-top-column elementor-element elementor-element-a23bd1f\" data-id=\"a23bd1f\" data-element_type=\"column\">\n\t\t\t<div class=\"elementor-column-wrap elementor-element-populated\">\n\t\t\t\t\t\t\t<div class=\"elementor-widget-wrap\">\n\t\t\t\t\t\t<div class=\"elementor-element elementor-element-28353c8 elementor-widget elementor-widget-text-editor\" data-id=\"28353c8\" data-element_type=\"widget\" data-widget_type=\"text-editor.default\">\n\t\t\t\t<div class=\"elementor-widget-container\">\n\t\t\t\t\t\t\t\t<div class=\"elementor-text-editor elementor-clearfix\">\n\t\t\t\t<p><blockquote class=\"wp-embedded-content\" data-secret=\"3Aav6AFJgB\"><a href=\"https:\/\/saltoinclusion.eu\/projects\/traveling-without-borders\/\">Traveling without Borders<\/a><\/blockquote><iframe class=\"wp-embedded-content\" sandbox=\"allow-scripts\" security=\"restricted\" style=\"position: absolute; clip: rect(1px, 1px, 1px, 1px);\" title=\"&#8220;Traveling without Borders&#8221; &#8212; SALTO Inclusion Education\" src=\"https:\/\/saltoinclusion.eu\/projects\/traveling-without-borders\/embed\/#?secret=37VIyhDfJx#?secret=3Aav6AFJgB\" data-secret=\"3Aav6AFJgB\" width=\"525\" height=\"296\" frameborder=\"0\" marginwidth=\"0\" marginheight=\"0\" scrolling=\"no\"><\/iframe><\/p>\t\t\t\t\t<\/div>\n\t\t\t\t\t\t<\/div>\n\t\t\t\t<\/div>\n\t\t\t\t\t\t<\/div>\n\t\t\t\t\t<\/div>\n\t\t<\/div>\n\t\t\t\t\t\t\t\t<\/div>\n\t\t\t\t\t<\/div>\n\t\t<\/section>\n\t\t\t\t\t\t\t\t\t<\/div>\n\t\t\t<\/div>\n\t\t\t\t\t<\/div>\n\t\t","protected":false},"excerpt":{"rendered":"<p>Hier finden Sie das Video des p\u00e4dagogischen Austauschdienstes zu unserem Projekt: &#8222;Barrierefreies Reisen&#8220;. https:\/\/vimeo.com\/788279457 Traveling without Borders<\/p>\n","protected":false},"author":1,"featured_media":0,"parent":0,"menu_order":0,"comment_status":"closed","ping_status":"closed","template":"","meta":[],"yoast_head":"<!-- This site is optimized with the Yoast SEO plugin v19.5.1 - https:\/\/yoast.com\/wordpress\/plugins\/seo\/ -->\n<title>Video - Barrierefreier Reisef\u00fchrer<\/title>\n<meta name=\"robots\" content=\"index, follow, max-snippet:-1, max-image-preview:large, max-video-preview:-1\" \/>\n<link rel=\"canonical\" href=\"http:\/\/kreisheinsberg-barrierefrei.de\/?page_id=5865\" \/>\n<meta property=\"og:locale\" content=\"de_DE\" \/>\n<meta property=\"og:type\" content=\"article\" \/>\n<meta property=\"og:title\" content=\"Video - Barrierefreier Reisef\u00fchrer\" \/>\n<meta property=\"og:description\" content=\"Hier finden Sie das Video des p\u00e4dagogischen Austauschdienstes zu unserem Projekt: &#8222;Barrierefreies Reisen&#8220;. https:\/\/vimeo.com\/788279457 Traveling without Borders\" \/>\n<meta property=\"og:url\" content=\"http:\/\/kreisheinsberg-barrierefrei.de\/?page_id=5865\" \/>\n<meta property=\"og:site_name\" content=\"Barrierefreier Reisef\u00fchrer\" \/>\n<meta property=\"article:modified_time\" content=\"2024-06-17T10:58:51+00:00\" \/>\n<meta name=\"twitter:card\" content=\"summary_large_image\" \/>\n<meta name=\"twitter:label1\" content=\"Gesch\u00e4tzte Lesezeit\" \/>\n\t<meta name=\"twitter:data1\" content=\"1\u00a0Minute\" \/>\n<script type=\"application\/ld+json\" class=\"yoast-schema-graph\">{\"@context\":\"https:\/\/schema.org\",\"@graph\":[{\"@type\":\"WebPage\",\"@id\":\"http:\/\/kreisheinsberg-barrierefrei.de\/?page_id=5865\",\"url\":\"http:\/\/kreisheinsberg-barrierefrei.de\/?page_id=5865\",\"name\":\"Video - Barrierefreier Reisef\u00fchrer\",\"isPartOf\":{\"@id\":\"http:\/\/kreisheinsberg-barrierefrei.de\/#website\"},\"datePublished\":\"2024-05-04T11:38:21+00:00\",\"dateModified\":\"2024-06-17T10:58:51+00:00\",\"breadcrumb\":{\"@id\":\"http:\/\/kreisheinsberg-barrierefrei.de\/?page_id=5865#breadcrumb\"},\"inLanguage\":\"de\",\"potentialAction\":[{\"@type\":\"ReadAction\",\"target\":[\"http:\/\/kreisheinsberg-barrierefrei.de\/?page_id=5865\"]}]},{\"@type\":\"BreadcrumbList\",\"@id\":\"http:\/\/kreisheinsberg-barrierefrei.de\/?page_id=5865#breadcrumb\",\"itemListElement\":[{\"@type\":\"ListItem\",\"position\":1,\"name\":\"Startseite\",\"item\":\"http:\/\/kreisheinsberg-barrierefrei.de\/\"},{\"@type\":\"ListItem\",\"position\":2,\"name\":\"Video\"}]},{\"@type\":\"WebSite\",\"@id\":\"http:\/\/kreisheinsberg-barrierefrei.de\/#website\",\"url\":\"http:\/\/kreisheinsberg-barrierefrei.de\/\",\"name\":\"Barrierefreier Reisef\u00fchrer\",\"description\":\"Barrierefrei im und um den Kreis Heinsberg entdeckt von Sch\u00fclerinnen und Sch\u00fclern der Rurtal-Schule\",\"potentialAction\":[{\"@type\":\"SearchAction\",\"target\":{\"@type\":\"EntryPoint\",\"urlTemplate\":\"http:\/\/kreisheinsberg-barrierefrei.de\/?s={search_term_string}\"},\"query-input\":\"required name=search_term_string\"}],\"inLanguage\":\"de\"}]}<\/script>\n<!-- \/ Yoast SEO plugin. -->","yoast_head_json":{"title":"Video - Barrierefreier Reisef\u00fchrer","robots":{"index":"index","follow":"follow","max-snippet":"max-snippet:-1","max-image-preview":"max-image-preview:large","max-video-preview":"max-video-preview:-1"},"canonical":"http:\/\/kreisheinsberg-barrierefrei.de\/?page_id=5865","og_locale":"de_DE","og_type":"article","og_title":"Video - Barrierefreier Reisef\u00fchrer","og_description":"Hier finden Sie das Video des p\u00e4dagogischen Austauschdienstes zu unserem Projekt: &#8222;Barrierefreies Reisen&#8220;. https:\/\/vimeo.com\/788279457 Traveling without Borders","og_url":"http:\/\/kreisheinsberg-barrierefrei.de\/?page_id=5865","og_site_name":"Barrierefreier Reisef\u00fchrer","article_modified_time":"2024-06-17T10:58:51+00:00","twitter_card":"summary_large_image","twitter_misc":{"Gesch\u00e4tzte Lesezeit":"1\u00a0Minute"},"schema":{"@context":"https:\/\/schema.org","@graph":[{"@type":"WebPage","@id":"http:\/\/kreisheinsberg-barrierefrei.de\/?page_id=5865","url":"http:\/\/kreisheinsberg-barrierefrei.de\/?page_id=5865","name":"Video - Barrierefreier Reisef\u00fchrer","isPartOf":{"@id":"http:\/\/kreisheinsberg-barrierefrei.de\/#website"},"datePublished":"2024-05-04T11:38:21+00:00","dateModified":"2024-06-17T10:58:51+00:00","breadcrumb":{"@id":"http:\/\/kreisheinsberg-barrierefrei.de\/?page_id=5865#breadcrumb"},"inLanguage":"de","potentialAction":[{"@type":"ReadAction","target":["http:\/\/kreisheinsberg-barrierefrei.de\/?page_id=5865"]}]},{"@type":"BreadcrumbList","@id":"http:\/\/kreisheinsberg-barrierefrei.de\/?page_id=5865#breadcrumb","itemListElement":[{"@type":"ListItem","position":1,"name":"Startseite","item":"http:\/\/kreisheinsberg-barrierefrei.de\/"},{"@type":"ListItem","position":2,"name":"Video"}]},{"@type":"WebSite","@id":"http:\/\/kreisheinsberg-barrierefrei.de\/#website","url":"http:\/\/kreisheinsberg-barrierefrei.de\/","name":"Barrierefreier Reisef\u00fchrer","description":"Barrierefrei im und um den Kreis Heinsberg entdeckt von Sch\u00fclerinnen und Sch\u00fclern der Rurtal-Schule","potentialAction":[{"@type":"SearchAction","target":{"@type":"EntryPoint","urlTemplate":"http:\/\/kreisheinsberg-barrierefrei.de\/?s={search_term_string}"},"query-input":"required name=search_term_string"}],"inLanguage":"de"}]}},"_links":{"self":[{"href":"https:\/\/kreisheinsberg-barrierefrei.de\/index.php?rest_route=\/wp\/v2\/pages\/5865"}],"collection":[{"href":"https:\/\/kreisheinsberg-barrierefrei.de\/index.php?rest_route=\/wp\/v2\/pages"}],"about":[{"href":"https:\/\/kreisheinsberg-barrierefrei.de\/index.php?rest_route=\/wp\/v2\/types\/page"}],"author":[{"embeddable":true,"href":"https:\/\/kreisheinsberg-barrierefrei.de\/index.php?rest_route=\/wp\/v2\/users\/1"}],"replies":[{"embeddable":true,"href":"https:\/\/kreisheinsberg-barrierefrei.de\/index.php?rest_route=%2Fwp%2Fv2%2Fcomments&post=5865"}],"version-history":[{"count":13,"href":"https:\/\/kreisheinsberg-barrierefrei.de\/index.php?rest_route=\/wp\/v2\/pages\/5865\/revisions"}],"predecessor-version":[{"id":5882,"href":"https:\/\/kreisheinsberg-barrierefrei.de\/index.php?rest_route=\/wp\/v2\/pages\/5865\/revisions\/5882"}],"wp:attachment":[{"href":"https:\/\/kreisheinsberg-barrierefrei.de\/index.php?rest_route=%2Fwp%2Fv2%2Fmedia&parent=5865"}],"curies":[{"name":"wp","href":"https:\/\/api.w.org\/{rel}","templated":true}]}}