{"id":6,"date":"2020-10-03T10:29:45","date_gmt":"2020-10-03T10:29:45","guid":{"rendered":"http:\/\/kreisheinsberg-barrierefrei.de\/?page_id=6"},"modified":"2024-05-04T11:29:38","modified_gmt":"2024-05-04T11:29:38","slug":"vorwort","status":"publish","type":"page","link":"https:\/\/kreisheinsberg-barrierefrei.de\/","title":{"rendered":"Vorwort"},"content":{"rendered":"\t\t<div data-elementor-type=\"wp-page\" data-elementor-id=\"6\" class=\"elementor elementor-6\">\n\t\t\t\t\t\t<div class=\"elementor-inner\">\n\t\t\t\t<div class=\"elementor-section-wrap\">\n\t\t\t\t\t\t\t\t\t<section class=\"elementor-section elementor-top-section elementor-element elementor-element-255009d elementor-section-boxed elementor-section-height-default elementor-section-height-default\" data-id=\"255009d\" data-element_type=\"section\">\n\t\t\t\t\t\t<div class=\"elementor-container elementor-column-gap-wide\">\n\t\t\t\t\t\t\t<div class=\"elementor-row\">\n\t\t\t\t\t<div class=\"elementor-column elementor-col-50 elementor-top-column elementor-element elementor-element-27b6fc9\" data-id=\"27b6fc9\" data-element_type=\"column\">\n\t\t\t<div class=\"elementor-column-wrap elementor-element-populated\">\n\t\t\t\t\t\t\t<div class=\"elementor-widget-wrap\">\n\t\t\t\t\t\t<div class=\"elementor-element elementor-element-2362737 elementor-widget elementor-widget-text-editor\" data-id=\"2362737\" data-element_type=\"widget\" data-widget_type=\"text-editor.default\">\n\t\t\t\t<div class=\"elementor-widget-container\">\n\t\t\t\t\t\t\t\t<div class=\"elementor-text-editor elementor-clearfix\">\n\t\t\t\t<h2>Zur Entstehung des Projektes<\/h2>\n<p>Dieser barrierefreie Reisef\u00fchrer entstand im Rahmen eines Erasmus+ Projektes von drei europ\u00e4ischen F\u00f6rderschulen mit dem F\u00f6rderschwerpunkt geistige Entwicklung.<br \/>Rurtal-Schule Heinsberg (D) Herman-Broeren-School Roermond (NL)<br \/>Montag-Imre-Schule Esztergom (Ungarn).<br \/>Erasmus+ als ein F\u00f6rderprogramm der Europ\u00e4ischen Union f\u00fcr Bildung, Sport und Jugend f\u00f6rdert Schulpartnerschaften und interkulturellen Austausch.<br \/>Innerhalb des zweij\u00e4hrigen Projektzeitraumes besuchten sich die Sch\u00fclerinnen und Sch\u00fcler gegenseitig in ihren Heimatl\u00e4ndern. Als Vorbereitung auf die Besuche testeten die Sch\u00fclerinnen und Sch\u00fcler aus den jeweiligen L\u00e4ndern die Dinge in ihrer Heimat, die sie ihren neuen Freunden zeigen wollten. <br \/>Es entstand die Idee, einen Reisef\u00fchrer selber zu erstellen, in dem (fast) nur Bereiche aufgef\u00fchrt werden, die auch von kognitiv, sensitiv und motorisch eingeschr\u00e4nkten Menschen gerne und gut genutzt werden k\u00f6nnen.\u00a0<br \/>Bei der Auswahl der Ziele wurden die Eltern ebenso befragt wie die Sch\u00fclerinnen und Sch\u00fcler. Der Integrationskreis KoKoBe des Kreises Heinsberg erfuhr aus der Presse von unserem Vorhaben und bot seine Unterst\u00fctzung an. Manche Erfahrungen aus ihren Begehungen konnten mit in diesen Reisef\u00fchrer einflie\u00dfen. <br \/>Wir alle denken, es ist eine bunte Mischung aus dem Kreis Heinsberg und dem Rheinland<br \/>herausgekommen, die ausdr\u00fccklich keinen Anspruch auf Vollst\u00e4ndigkeit erhebt.<\/p>\t\t\t\t\t<\/div>\n\t\t\t\t\t\t<\/div>\n\t\t\t\t<\/div>\n\t\t\t\t\t\t<\/div>\n\t\t\t\t\t<\/div>\n\t\t<\/div>\n\t\t\t\t<div class=\"elementor-column elementor-col-50 elementor-top-column elementor-element elementor-element-bae74b7\" data-id=\"bae74b7\" data-element_type=\"column\">\n\t\t\t<div class=\"elementor-column-wrap elementor-element-populated\">\n\t\t\t\t\t\t\t<div class=\"elementor-widget-wrap\">\n\t\t\t\t\t\t<div class=\"elementor-element elementor-element-a0c6fe7 elementor-widget elementor-widget-image\" data-id=\"a0c6fe7\" data-element_type=\"widget\" data-widget_type=\"image.default\">\n\t\t\t\t<div class=\"elementor-widget-container\">\n\t\t\t\t\t\t\t\t<div class=\"elementor-image\">\n\t\t\t\t\t\t\t\t\t\t\t\t<img width=\"335\" height=\"165\" src=\"https:\/\/kreisheinsberg-barrierefrei.de\/wp-content\/uploads\/2020\/10\/header_left_pic.png\" class=\"attachment-full size-full\" alt=\"\" loading=\"lazy\" srcset=\"https:\/\/kreisheinsberg-barrierefrei.de\/wp-content\/uploads\/2020\/10\/header_left_pic.png 335w, https:\/\/kreisheinsberg-barrierefrei.de\/wp-content\/uploads\/2020\/10\/header_left_pic-300x148.png 300w\" sizes=\"100vw\" \/>\t\t\t\t\t\t\t\t\t\t\t\t\t\t<\/div>\n\t\t\t\t\t\t<\/div>\n\t\t\t\t<\/div>\n\t\t\t\t<div class=\"elementor-element elementor-element-07d9a60 elementor-widget elementor-widget-text-editor\" data-id=\"07d9a60\" data-element_type=\"widget\" data-widget_type=\"text-editor.default\">\n\t\t\t\t<div class=\"elementor-widget-container\">\n\t\t\t\t\t\t\t\t<div class=\"elementor-text-editor elementor-clearfix\">\n\t\t\t\t<p>Der \u00fcberwiegende Teil der Arbeit:<br \/>\u2022 Auswahl der Ziele<br \/>\u2022 Recherche vor Ort<br \/>\u2022 Ausprobieren von Angeboten<br \/>\u2022 Fotografieren von Sehensw\u00fcrdigkeiten<br \/>\u2022 Zusammensuchen der \u00d6ffnungszeiten<br \/>\u2022 Erstellen der Texte wurde von den Sch\u00fclerinnen und Sch\u00fclern der Erasmus+ AGs und zwei Mittelstufen und zwei Berufspraxisstufenklassen der Rurtal-Schule mit Unterst\u00fctzung durch ihre Lehrerinnen und Lehrer sowie der Schulbegleiterinnen und Schulbegleiter ausgef\u00fchrt.<br \/>Bei den Sch\u00fclerinnen und Sch\u00fclern sch\u00e4rfte sich schnell der Blick, festzustellen, wo zum Beispiel ihre rollstuhlfahrenden Mitsch\u00fclerinnen<br \/>und Mitsch\u00fcler Schwierigkeiten bekommen w\u00fcrden oder welche Sehensw\u00fcrdigkeiten zu kompliziert beschrieben wurden. Zudem waren sie sehr sensibel darauf bedacht, in den Lokalen, die wir aufgesucht<br \/>haben, freundlich und aufmerksam bedient zu werden, auch wenn<br \/>manche Sch\u00fclerinnen und Sch\u00fcler Schwierigkeiten mit der Sprache, Ausdrucksweise oder beim Bezahlen hatten.\u00a0<span style=\"color: var( --e-global-color-text ); font-family: var( --e-global-typography-text-font-family ); font-weight: var( --e-global-typography-text-font-weight ); font-size: 1rem;\">Zwei Top-Tipps, die thematisch nicht in ein Kapitel passen, finden Sie am Ende des Reisef\u00fchrers.<\/span><\/p><p>Wir w\u00fcnschen Ihnen nun viel Spa\u00df beim Ausprobieren und Nachreisen!<\/p><p><a href=\"https:\/\/www.rurtal-schule.de\/\" target=\"_blank\" rel=\"noopener\">https:\/\/www.rurtal-schule.de\/<\/a><\/p>\t\t\t\t\t<\/div>\n\t\t\t\t\t\t<\/div>\n\t\t\t\t<\/div>\n\t\t\t\t<div class=\"elementor-element elementor-element-39b1cbd elementor-widget elementor-widget-image\" data-id=\"39b1cbd\" data-element_type=\"widget\" data-widget_type=\"image.default\">\n\t\t\t\t<div class=\"elementor-widget-container\">\n\t\t\t\t\t\t\t\t<div class=\"elementor-image\">\n\t\t\t\t\t\t\t\t\t\t\t\t\t<a href=\"https:\/\/www.kmk-pad.org\/\" target=\"_blank\">\n\t\t\t\t\t\t\t<img width=\"525\" height=\"233\" src=\"https:\/\/kreisheinsberg-barrierefrei.de\/wp-content\/uploads\/2020\/10\/Erasmusgefoerdert_rgb.jpg\" class=\"attachment-large size-large\" alt=\"\" loading=\"lazy\" srcset=\"https:\/\/kreisheinsberg-barrierefrei.de\/wp-content\/uploads\/2020\/10\/Erasmusgefoerdert_rgb.jpg 1000w, https:\/\/kreisheinsberg-barrierefrei.de\/wp-content\/uploads\/2020\/10\/Erasmusgefoerdert_rgb-300x133.jpg 300w, https:\/\/kreisheinsberg-barrierefrei.de\/wp-content\/uploads\/2020\/10\/Erasmusgefoerdert_rgb-768x341.jpg 768w\" sizes=\"100vw\" \/>\t\t\t\t\t\t\t\t<\/a>\n\t\t\t\t\t\t\t\t\t\t\t\t\t\t<\/div>\n\t\t\t\t\t\t<\/div>\n\t\t\t\t<\/div>\n\t\t\t\t\t\t<\/div>\n\t\t\t\t\t<\/div>\n\t\t<\/div>\n\t\t\t\t\t\t\t\t<\/div>\n\t\t\t\t\t<\/div>\n\t\t<\/section>\n\t\t\t\t<section class=\"elementor-section elementor-top-section elementor-element elementor-element-1febea1 elementor-section-boxed elementor-section-height-default elementor-section-height-default\" data-id=\"1febea1\" data-element_type=\"section\">\n\t\t\t\t\t\t<div class=\"elementor-container elementor-column-gap-default\">\n\t\t\t\t\t\t\t<div class=\"elementor-row\">\n\t\t\t\t\t<div class=\"elementor-column elementor-col-100 elementor-top-column elementor-element elementor-element-ba2f901\" data-id=\"ba2f901\" data-element_type=\"column\">\n\t\t\t<div class=\"elementor-column-wrap elementor-element-populated\">\n\t\t\t\t\t\t\t<div class=\"elementor-widget-wrap\">\n\t\t\t\t\t\t<div class=\"elementor-element elementor-element-bd027a3 elementor-widget elementor-widget-audio\" data-id=\"bd027a3\" data-element_type=\"widget\" data-widget_type=\"audio.default\">\n\t\t\t\t<div class=\"elementor-widget-container\">\n\t\t\t\t\t\t<div class=\"elementor-soundcloud-wrapper\">\n\t\t\t\t<iframe loading=\"lazy\" width=\"525\" height=\"200\" frameborder=\"no\" src=\"https:\/\/w.soundcloud.com\/player\/?visual=false&#038;url=https%3A%2F%2Fapi.soundcloud.com%2Ftracks%2F911840398&#038;show_artwork=false&#038;maxheight=788&#038;maxwidth=525&#038;secret_token=s-NdChhJ7opLC&#038;auto_play=false&#038;buying=false&#038;liking=false&#038;download=false&#038;sharing=false&#038;show_comments=false&#038;show_playcount=true&#038;show_user=true&#038;color\"><\/iframe>\t\t\t<\/div>\n\t\t\t\t\t<\/div>\n\t\t\t\t<\/div>\n\t\t\t\t\t\t<\/div>\n\t\t\t\t\t<\/div>\n\t\t<\/div>\n\t\t\t\t\t\t\t\t<\/div>\n\t\t\t\t\t<\/div>\n\t\t<\/section>\n\t\t\t\t<section class=\"elementor-section elementor-top-section elementor-element elementor-element-05bbf94 elementor-section-boxed elementor-section-height-default elementor-section-height-default\" data-id=\"05bbf94\" data-element_type=\"section\">\n\t\t\t\t\t\t<div class=\"elementor-container elementor-column-gap-default\">\n\t\t\t\t\t\t\t<div class=\"elementor-row\">\n\t\t\t\t\t<div class=\"elementor-column elementor-col-100 elementor-top-column elementor-element elementor-element-fa43821\" data-id=\"fa43821\" data-element_type=\"column\">\n\t\t\t<div class=\"elementor-column-wrap elementor-element-populated\">\n\t\t\t\t\t\t\t<div class=\"elementor-widget-wrap\">\n\t\t\t\t\t\t<div class=\"elementor-element elementor-element-98f2330 elementor-widget elementor-widget-text-editor\" data-id=\"98f2330\" data-element_type=\"widget\" data-widget_type=\"text-editor.default\">\n\t\t\t\t<div class=\"elementor-widget-container\">\n\t\t\t\t\t\t\t\t<div class=\"elementor-text-editor elementor-clearfix\">\n\t\t\t\t<p><blockquote class=\"wp-embedded-content\" data-secret=\"iel8nRsHCZ\"><a href=\"https:\/\/saltoinclusion.eu\/projects\/traveling-without-borders\/\">Traveling without Borders<\/a><\/blockquote><iframe class=\"wp-embedded-content\" sandbox=\"allow-scripts\" security=\"restricted\" style=\"position: absolute; clip: rect(1px, 1px, 1px, 1px);\" title=\"&#8220;Traveling without Borders&#8221; &#8212; SALTO Inclusion Education\" src=\"https:\/\/saltoinclusion.eu\/projects\/traveling-without-borders\/embed\/#?secret=T4cLDlf7LU#?secret=iel8nRsHCZ\" data-secret=\"iel8nRsHCZ\" width=\"525\" height=\"296\" frameborder=\"0\" marginwidth=\"0\" marginheight=\"0\" scrolling=\"no\"><\/iframe><\/p>\t\t\t\t\t<\/div>\n\t\t\t\t\t\t<\/div>\n\t\t\t\t<\/div>\n\t\t\t\t\t\t<\/div>\n\t\t\t\t\t<\/div>\n\t\t<\/div>\n\t\t\t\t\t\t\t\t<\/div>\n\t\t\t\t\t<\/div>\n\t\t<\/section>\n\t\t\t\t<section class=\"elementor-section elementor-top-section elementor-element elementor-element-c64d2e2 elementor-section-boxed elementor-section-height-default elementor-section-height-default\" data-id=\"c64d2e2\" data-element_type=\"section\">\n\t\t\t\t\t\t<div class=\"elementor-container elementor-column-gap-default\">\n\t\t\t\t\t\t\t<div class=\"elementor-row\">\n\t\t\t\t\t<div class=\"elementor-column elementor-col-100 elementor-top-column elementor-element elementor-element-a3743dc\" data-id=\"a3743dc\" data-element_type=\"column\">\n\t\t\t<div class=\"elementor-column-wrap elementor-element-populated\">\n\t\t\t\t\t\t\t<div class=\"elementor-widget-wrap\">\n\t\t\t\t\t\t<div class=\"elementor-element elementor-element-3233575 elementor-aspect-ratio-169 elementor-widget elementor-widget-video\" data-id=\"3233575\" data-element_type=\"widget\" data-settings=\"{&quot;video_type&quot;:&quot;vimeo&quot;,&quot;aspect_ratio&quot;:&quot;169&quot;}\" data-widget_type=\"video.default\">\n\t\t\t\t<div class=\"elementor-widget-container\">\n\t\t\t\t\t<div class=\"elementor-wrapper elementor-fit-aspect-ratio elementor-open-inline\">\n\t\t\t<iframe class=\"elementor-video-iframe\" allowfullscreen title=\"vimeo Video Player\" src=\"https:\/\/player.vimeo.com\/video\/788279457?color&amp;autopause=0&amp;loop=0&amp;muted=0&amp;title=1&amp;portrait=1&amp;byline=1#t=\"><\/iframe>\t\t<\/div>\n\t\t\t\t<\/div>\n\t\t\t\t<\/div>\n\t\t\t\t\t\t<\/div>\n\t\t\t\t\t<\/div>\n\t\t<\/div>\n\t\t\t\t\t\t\t\t<\/div>\n\t\t\t\t\t<\/div>\n\t\t<\/section>\n\t\t\t\t\t\t\t\t\t<\/div>\n\t\t\t<\/div>\n\t\t\t\t\t<\/div>\n\t\t","protected":false},"excerpt":{"rendered":"<p>Zur Entstehung des Projektes Dieser barrierefreie Reisef\u00fchrer entstand im Rahmen eines Erasmus+ Projektes von drei europ\u00e4ischen F\u00f6rderschulen mit dem F\u00f6rderschwerpunkt geistige Entwicklung.Rurtal-Schule Heinsberg (D) Herman-Broeren-School Roermond (NL)Montag-Imre-Schule Esztergom (Ungarn).Erasmus+ als ein F\u00f6rderprogramm der Europ\u00e4ischen Union f\u00fcr Bildung, Sport und Jugend f\u00f6rdert Schulpartnerschaften und interkulturellen Austausch.Innerhalb des zweij\u00e4hrigen Projektzeitraumes besuchten sich die Sch\u00fclerinnen und Sch\u00fcler gegenseitig &hellip; <\/p>\n<p class=\"link-more\"><a href=\"https:\/\/kreisheinsberg-barrierefrei.de\/\" class=\"more-link\"><span class=\"screen-reader-text\">\u201eVorwort\u201c <\/span>weiterlesen<\/a><\/p>\n","protected":false},"author":1,"featured_media":0,"parent":0,"menu_order":0,"comment_status":"closed","ping_status":"open","template":"","meta":[],"yoast_head":"<!-- This site is optimized with the Yoast SEO plugin v19.5.1 - https:\/\/yoast.com\/wordpress\/plugins\/seo\/ -->\n<title>Vorwort - Barrierefreier Reisef\u00fchrer<\/title>\n<meta name=\"robots\" content=\"index, follow, max-snippet:-1, max-image-preview:large, max-video-preview:-1\" \/>\n<link rel=\"canonical\" href=\"https:\/\/kreisheinsberg-barrierefrei.de\/\" \/>\n<meta property=\"og:locale\" content=\"de_DE\" \/>\n<meta property=\"og:type\" content=\"article\" \/>\n<meta property=\"og:title\" content=\"Vorwort - Barrierefreier Reisef\u00fchrer\" \/>\n<meta property=\"og:description\" content=\"Zur Entstehung des Projektes Dieser barrierefreie Reisef\u00fchrer entstand im Rahmen eines Erasmus+ Projektes von drei europ\u00e4ischen F\u00f6rderschulen mit dem F\u00f6rderschwerpunkt geistige Entwicklung.Rurtal-Schule Heinsberg (D) Herman-Broeren-School Roermond (NL)Montag-Imre-Schule Esztergom (Ungarn).Erasmus+ als ein F\u00f6rderprogramm der Europ\u00e4ischen Union f\u00fcr Bildung, Sport und Jugend f\u00f6rdert Schulpartnerschaften und interkulturellen Austausch.Innerhalb des zweij\u00e4hrigen Projektzeitraumes besuchten sich die Sch\u00fclerinnen und Sch\u00fcler gegenseitig &hellip; \u201eVorwort\u201c weiterlesen\" \/>\n<meta property=\"og:url\" content=\"https:\/\/kreisheinsberg-barrierefrei.de\/\" \/>\n<meta property=\"og:site_name\" content=\"Barrierefreier Reisef\u00fchrer\" \/>\n<meta property=\"article:modified_time\" content=\"2024-05-04T11:29:38+00:00\" \/>\n<meta property=\"og:image\" content=\"http:\/\/kreisheinsberg-barrierefrei.de\/wp-content\/uploads\/2020\/10\/header_left_pic.png\" \/>\n<meta name=\"twitter:card\" content=\"summary_large_image\" \/>\n<meta name=\"twitter:label1\" content=\"Gesch\u00e4tzte Lesezeit\" \/>\n\t<meta name=\"twitter:data1\" content=\"3\u00a0Minuten\" \/>\n<script type=\"application\/ld+json\" class=\"yoast-schema-graph\">{\"@context\":\"https:\/\/schema.org\",\"@graph\":[{\"@type\":\"WebPage\",\"@id\":\"https:\/\/kreisheinsberg-barrierefrei.de\/\",\"url\":\"https:\/\/kreisheinsberg-barrierefrei.de\/\",\"name\":\"Vorwort - Barrierefreier Reisef\u00fchrer\",\"isPartOf\":{\"@id\":\"https:\/\/kreisheinsberg-barrierefrei.de\/#website\"},\"datePublished\":\"2020-10-03T10:29:45+00:00\",\"dateModified\":\"2024-05-04T11:29:38+00:00\",\"breadcrumb\":{\"@id\":\"https:\/\/kreisheinsberg-barrierefrei.de\/#breadcrumb\"},\"inLanguage\":\"de\",\"potentialAction\":[{\"@type\":\"ReadAction\",\"target\":[\"https:\/\/kreisheinsberg-barrierefrei.de\/\"]}]},{\"@type\":\"BreadcrumbList\",\"@id\":\"https:\/\/kreisheinsberg-barrierefrei.de\/#breadcrumb\",\"itemListElement\":[{\"@type\":\"ListItem\",\"position\":1,\"name\":\"Startseite\",\"item\":\"https:\/\/kreisheinsberg-barrierefrei.de\/\"},{\"@type\":\"ListItem\",\"position\":2,\"name\":\"Vorwort\"}]},{\"@type\":\"WebSite\",\"@id\":\"https:\/\/kreisheinsberg-barrierefrei.de\/#website\",\"url\":\"https:\/\/kreisheinsberg-barrierefrei.de\/\",\"name\":\"Barrierefreier Reisef\u00fchrer\",\"description\":\"Barrierefrei im und um den Kreis Heinsberg entdeckt von Sch\u00fclerinnen und Sch\u00fclern der Rurtal-Schule\",\"potentialAction\":[{\"@type\":\"SearchAction\",\"target\":{\"@type\":\"EntryPoint\",\"urlTemplate\":\"https:\/\/kreisheinsberg-barrierefrei.de\/?s={search_term_string}\"},\"query-input\":\"required name=search_term_string\"}],\"inLanguage\":\"de\"}]}<\/script>\n<!-- \/ Yoast SEO plugin. -->","yoast_head_json":{"title":"Vorwort - Barrierefreier Reisef\u00fchrer","robots":{"index":"index","follow":"follow","max-snippet":"max-snippet:-1","max-image-preview":"max-image-preview:large","max-video-preview":"max-video-preview:-1"},"canonical":"https:\/\/kreisheinsberg-barrierefrei.de\/","og_locale":"de_DE","og_type":"article","og_title":"Vorwort - Barrierefreier Reisef\u00fchrer","og_description":"Zur Entstehung des Projektes Dieser barrierefreie Reisef\u00fchrer entstand im Rahmen eines Erasmus+ Projektes von drei europ\u00e4ischen F\u00f6rderschulen mit dem F\u00f6rderschwerpunkt geistige Entwicklung.Rurtal-Schule Heinsberg (D) Herman-Broeren-School Roermond (NL)Montag-Imre-Schule Esztergom (Ungarn).Erasmus+ als ein F\u00f6rderprogramm der Europ\u00e4ischen Union f\u00fcr Bildung, Sport und Jugend f\u00f6rdert Schulpartnerschaften und interkulturellen Austausch.Innerhalb des zweij\u00e4hrigen Projektzeitraumes besuchten sich die Sch\u00fclerinnen und Sch\u00fcler gegenseitig &hellip; \u201eVorwort\u201c weiterlesen","og_url":"https:\/\/kreisheinsberg-barrierefrei.de\/","og_site_name":"Barrierefreier Reisef\u00fchrer","article_modified_time":"2024-05-04T11:29:38+00:00","og_image":[{"url":"http:\/\/kreisheinsberg-barrierefrei.de\/wp-content\/uploads\/2020\/10\/header_left_pic.png"}],"twitter_card":"summary_large_image","twitter_misc":{"Gesch\u00e4tzte Lesezeit":"3\u00a0Minuten"},"schema":{"@context":"https:\/\/schema.org","@graph":[{"@type":"WebPage","@id":"https:\/\/kreisheinsberg-barrierefrei.de\/","url":"https:\/\/kreisheinsberg-barrierefrei.de\/","name":"Vorwort - Barrierefreier Reisef\u00fchrer","isPartOf":{"@id":"https:\/\/kreisheinsberg-barrierefrei.de\/#website"},"datePublished":"2020-10-03T10:29:45+00:00","dateModified":"2024-05-04T11:29:38+00:00","breadcrumb":{"@id":"https:\/\/kreisheinsberg-barrierefrei.de\/#breadcrumb"},"inLanguage":"de","potentialAction":[{"@type":"ReadAction","target":["https:\/\/kreisheinsberg-barrierefrei.de\/"]}]},{"@type":"BreadcrumbList","@id":"https:\/\/kreisheinsberg-barrierefrei.de\/#breadcrumb","itemListElement":[{"@type":"ListItem","position":1,"name":"Startseite","item":"https:\/\/kreisheinsberg-barrierefrei.de\/"},{"@type":"ListItem","position":2,"name":"Vorwort"}]},{"@type":"WebSite","@id":"https:\/\/kreisheinsberg-barrierefrei.de\/#website","url":"https:\/\/kreisheinsberg-barrierefrei.de\/","name":"Barrierefreier Reisef\u00fchrer","description":"Barrierefrei im und um den Kreis Heinsberg entdeckt von Sch\u00fclerinnen und Sch\u00fclern der Rurtal-Schule","potentialAction":[{"@type":"SearchAction","target":{"@type":"EntryPoint","urlTemplate":"https:\/\/kreisheinsberg-barrierefrei.de\/?s={search_term_string}"},"query-input":"required name=search_term_string"}],"inLanguage":"de"}]}},"_links":{"self":[{"href":"https:\/\/kreisheinsberg-barrierefrei.de\/index.php?rest_route=\/wp\/v2\/pages\/6"}],"collection":[{"href":"https:\/\/kreisheinsberg-barrierefrei.de\/index.php?rest_route=\/wp\/v2\/pages"}],"about":[{"href":"https:\/\/kreisheinsberg-barrierefrei.de\/index.php?rest_route=\/wp\/v2\/types\/page"}],"author":[{"embeddable":true,"href":"https:\/\/kreisheinsberg-barrierefrei.de\/index.php?rest_route=\/wp\/v2\/users\/1"}],"replies":[{"embeddable":true,"href":"https:\/\/kreisheinsberg-barrierefrei.de\/index.php?rest_route=%2Fwp%2Fv2%2Fcomments&post=6"}],"version-history":[{"count":41,"href":"https:\/\/kreisheinsberg-barrierefrei.de\/index.php?rest_route=\/wp\/v2\/pages\/6\/revisions"}],"predecessor-version":[{"id":5864,"href":"https:\/\/kreisheinsberg-barrierefrei.de\/index.php?rest_route=\/wp\/v2\/pages\/6\/revisions\/5864"}],"wp:attachment":[{"href":"https:\/\/kreisheinsberg-barrierefrei.de\/index.php?rest_route=%2Fwp%2Fv2%2Fmedia&parent=6"}],"curies":[{"name":"wp","href":"https:\/\/api.w.org\/{rel}","templated":true}]}}